{"id":9,"date":"2011-07-08T22:08:27","date_gmt":"2011-07-08T22:08:27","guid":{"rendered":"http:\/\/www.lindacihar.com\/?page_id=9"},"modified":"2021-02-05T09:43:45","modified_gmt":"2021-02-05T09:43:45","slug":"contact","status":"publish","type":"page","link":"http:\/\/www.lindacihar.com\/?page_id=9","title":{"rendered":"contact"},"content":{"rendered":"<p>Linda \u010ciha\u0159ov\u00e1<\/p>\n<p>e-mail: lindacihar@gmail.com<br \/>\n<span style=\"line-height: inherit;\">gsm:+420 737146861<\/span><\/p>\n<p><span style=\"line-height: inherit;\">V p\u0159\u00edpad\u011b z\u00e1jmu o koupi d\u00edla mi pros\u00edm napi\u0161te e-mail nebo mi zavolejte.<br \/>\n<\/span><span style=\"line-height: inherit;\">Seznam dostupn\u00fdch d\u011bl se st\u00e1le m\u011bn\u00ed. M\u016f\u017eete mne t\u00e9\u017e nav\u0161t\u00edvit v m\u00e9m atelieru v Praze.<\/span><span style=\"font-size: inherit;\"><br \/>\nV\u0161echny obrazy<\/span><span style=\"font-size: inherit;\"> bezpe\u010dn\u011b zabal\u00edm pro cestu a\u017e k V\u00e1m. Doprava v r\u00e1mci \u010cesk\u00e9 republiky je zdarma.<br \/>\n<\/span><span style=\"font-size: inherit;\">M\u00e1te &#8211; li jak\u00e9koliv dotazy nebo byste cht\u011bli obrazy vid\u011bt na \u017eivo, nev\u00e1hejte mi napsat a domluv\u00edme si sch\u016fzku v atelieru.<br \/>\nNevybrali jste si ale l\u00edb\u00ed se V\u00e1m co d\u011bl\u00e1m? Napi\u0161te mi email a j\u00e1 V\u00e1m mohu zas\u00edlat v\u0161echny hork\u00e9 novinky abyste je m\u011bli \u0161anci ulovit d\u0159\u00edv ne\u017e n\u011bkdo jin\u00fd.<br \/>\n<\/span>K obraz\u016fm n\u00e1le\u017e\u00ed t\u00e9\u017e certifik\u00e1t pravosti.<\/p>\n<p><span style=\"font-size: inherit;\">T\u011b\u0161\u00edm se na spolupr\u00e1ci<br \/>\n<\/span><span style=\"font-size: inherit;\">Linda \u010ciha\u0159ov\u00e1<\/span><\/p>\n<p>&#8212;&#8212;&#8212;&#8212;&#8212;&#8212;&#8212;&#8212;&#8212;&#8212;&#8212;&#8212;&#8212;&#8212;&#8212;&#8212;&#8212;&#8212;&#8212;&#8212;<\/p>\n<p>In case of the interest of purchasing an artwork, please contact me via e-mail or phone. The list of available works if changing all the time. <span style=\"line-height: inherit;\">You are also welcome to visit me in my studio in Prague.<br \/>\n<\/span><span style=\"font-size: inherit;\">If you have a photo of the space where you wish to put a chosen picture, I will make you visualisation free of charge.<br \/>\n<\/span><span style=\"font-size: inherit;\">Didn&#8217;t you choose, but you like my work? Send me an email co I can send you all new works before they go to the exhibition and gallery sale. Be the first one to see them.<br \/>\nYou get also The Certificate of Authenticity with signature.<\/span><\/p>\n<p><span style=\"font-size: inherit;\">All paintings will be safely packed and ready for travel to your destination country.<br \/>\n<\/span>Due to big difference in shipping costs to different parts of the globe the shipping cost will be calculated after your\u00a0non-binding request.<br \/>\nPlese send me email to: lindacihar@gmail.com<br \/>\nWrite me the name of the artwork you are interested in, your country and zip code. I will answer as soon as possible.<br \/>\nLooking forward for cooperation.<br \/>\nLinda \u010ciha\u0159ov\u00e1<\/p>\n<p><a href=\"http:\/\/www.lindacihar.com\/wp-content\/uploads\/2019\/05\/Oxidace_s.jpg\"><img decoding=\"async\" loading=\"lazy\" class=\"alignleft size-full wp-image-3212\" src=\"http:\/\/www.lindacihar.com\/wp-content\/uploads\/2019\/05\/Oxidace_s.jpg\" alt=\"\" width=\"2000\" height=\"2000\" srcset=\"http:\/\/www.lindacihar.com\/wp-content\/uploads\/2019\/05\/Oxidace_s.jpg 2000w, http:\/\/www.lindacihar.com\/wp-content\/uploads\/2019\/05\/Oxidace_s-150x150.jpg 150w, http:\/\/www.lindacihar.com\/wp-content\/uploads\/2019\/05\/Oxidace_s-300x300.jpg 300w, http:\/\/www.lindacihar.com\/wp-content\/uploads\/2019\/05\/Oxidace_s-768x768.jpg 768w, http:\/\/www.lindacihar.com\/wp-content\/uploads\/2019\/05\/Oxidace_s-1024x1024.jpg 1024w\" sizes=\"(max-width: 2000px) 100vw, 2000px\" \/><\/a><\/p>\n","protected":false},"excerpt":{"rendered":"<p>Linda \u010ciha\u0159ov\u00e1 e-mail: lindacihar@gmail.com gsm:+420 737146861 V p\u0159\u00edpad\u011b z\u00e1jmu o koupi d\u00edla mi pros\u00edm napi\u0161te e-mail nebo mi zavolejte. Seznam dostupn\u00fdch d\u011bl se st\u00e1le m\u011bn\u00ed. M\u016f\u017eete mne t\u00e9\u017e nav\u0161t\u00edvit v m\u00e9m atelieru v Praze. V\u0161echny obrazy bezpe\u010dn\u011b zabal\u00edm pro cestu &hellip; <a href=\"http:\/\/www.lindacihar.com\/?page_id=9\">more <span class=\"meta-nav\"><img decoding=\"async\" src=\"img\/more.gif\" alt=\"\" \/><\/span><\/a><\/p>\n","protected":false},"author":2,"featured_media":0,"parent":0,"menu_order":0,"comment_status":"open","ping_status":"closed","template":"","meta":[],"_links":{"self":[{"href":"http:\/\/www.lindacihar.com\/index.php?rest_route=\/wp\/v2\/pages\/9"}],"collection":[{"href":"http:\/\/www.lindacihar.com\/index.php?rest_route=\/wp\/v2\/pages"}],"about":[{"href":"http:\/\/www.lindacihar.com\/index.php?rest_route=\/wp\/v2\/types\/page"}],"author":[{"embeddable":true,"href":"http:\/\/www.lindacihar.com\/index.php?rest_route=\/wp\/v2\/users\/2"}],"replies":[{"embeddable":true,"href":"http:\/\/www.lindacihar.com\/index.php?rest_route=%2Fwp%2Fv2%2Fcomments&post=9"}],"version-history":[{"count":41,"href":"http:\/\/www.lindacihar.com\/index.php?rest_route=\/wp\/v2\/pages\/9\/revisions"}],"predecessor-version":[{"id":3431,"href":"http:\/\/www.lindacihar.com\/index.php?rest_route=\/wp\/v2\/pages\/9\/revisions\/3431"}],"wp:attachment":[{"href":"http:\/\/www.lindacihar.com\/index.php?rest_route=%2Fwp%2Fv2%2Fmedia&parent=9"}],"curies":[{"name":"wp","href":"https:\/\/api.w.org\/{rel}","templated":true}]}}